{"id":62,"date":"2024-10-24T13:08:20","date_gmt":"2024-10-24T13:08:20","guid":{"rendered":"http:\/\/istherehop.local\/?page_id=62"},"modified":"2024-12-05T17:03:52","modified_gmt":"2024-12-05T15:03:52","slug":"impressum","status":"publish","type":"page","link":"https:\/\/istherehop.ch\/it\/impressum\/","title":{"rendered":"Impronta"},"content":{"rendered":"<hr class=\"wp-block-separator has-alpha-channel-opacity custom-hr\"\/>\n\n\n\n<p><strong>Autorit\u00e0 responsabile:<\/strong><br>IsThereHop?<br>c\/o Swing Productions<br>R\u00f6schibachstrasse 22<br>8037 Zurigo<br>Svizzera<\/p>\n\n\n\n<p><br><strong>e-mail<\/strong>: <a href=\"mailto:help@istherehop.ch\">help@istherehop.ch<\/a><\/p>\n\n\n\n<p><strong>Persone autorizzate a rappresentare la societ\u00e0<\/strong><\/p>\n\n\n\n<p>Lorenz Ilg<\/p>\n\n\n\n<p><strong>Esclusione di responsabilit\u00e0<\/strong><br>L'autore non si assume alcuna responsabilit\u00e0 per la correttezza, l'accuratezza, l'attualit\u00e0, l'affidabilit\u00e0 e la completezza delle informazioni.<br>Sono escluse le richieste di responsabilit\u00e0 nei confronti dell'autore per danni di natura materiale o immateriale derivanti dall'accesso, dall'uso o dal mancato uso delle informazioni pubblicate, dall'uso improprio della connessione o da guasti tecnici.<\/p>\n\n\n\n<p>Tutte le offerte sono soggette a modifiche. L'autore si riserva espressamente il diritto di modificare, integrare o cancellare parti delle pagine o l'intera offerta senza preavviso o di interrompere temporaneamente o definitivamente la pubblicazione.<\/p>\n\n\n\n<p><strong>Esclusione di responsabilit\u00e0 per i contenuti e i link<\/strong><br>I riferimenti e i link a siti web di terzi non rientrano nella nostra sfera di responsabilit\u00e0. Si declina ogni responsabilit\u00e0 per tali siti web. L'accesso e l'utilizzo di tali siti web \u00e8 a rischio e pericolo dell'utente.<\/p>\n\n\n\n<p><strong>Dichiarazione di copyright<\/strong><br>I diritti d'autore e tutti gli altri diritti su contenuti, immagini, foto o altri file presenti in questo sito appartengono esclusivamente a IsThereHop o ai titolari dei diritti specificamente indicati. Per la riproduzione di qualsiasi elemento \u00e8 necessario ottenere preventivamente il consenso scritto del titolare del copyright.<\/p>\n\n\n\n<p><strong>Codice e design<\/strong><\/p>\n\n\n\n<p><a href=\"http:\/\/utill.ch\" target=\"_blank\" rel=\"noreferrer noopener\">utill.ch<\/a><\/p>","protected":false},"excerpt":{"rendered":"<p>Verantwortliche Instanz:IsThereHop?c\/o Swing ProductionsR\u00f6schibachstrasse 228037 Z\u00fcrichSchweiz E-Mail: help@istherehop.ch Vertretungsberechtigte Personen Lorenz Ilg HaftungsausschlussDer Autor \u00fcbernimmt keine Gew\u00e4hr f\u00fcr die Richtigkeit, Genauigkeit, Aktualit\u00e4t, Zuverl\u00e4ssigkeit und Vollst\u00e4ndigkeit der Informationen.Haftungsanspr\u00fcche gegen den Autor wegen Sch\u00e4den materieller oder immaterieller Art, die aus dem Zugriff oder der Nutzung bzw. Nichtnutzung der ver\u00f6ffentlichten Informationen, durch Missbrauch der Verbindung oder durch technische [&hellip;]<\/p>\n","protected":false},"author":1,"featured_media":0,"parent":0,"menu_order":0,"comment_status":"closed","ping_status":"closed","template":"","meta":{"footnotes":""},"class_list":["post-62","page","type-page","status-publish","hentry"],"_links":{"self":[{"href":"https:\/\/istherehop.ch\/it\/wp-json\/wp\/v2\/pages\/62","targetHints":{"allow":["GET"]}}],"collection":[{"href":"https:\/\/istherehop.ch\/it\/wp-json\/wp\/v2\/pages"}],"about":[{"href":"https:\/\/istherehop.ch\/it\/wp-json\/wp\/v2\/types\/page"}],"author":[{"embeddable":true,"href":"https:\/\/istherehop.ch\/it\/wp-json\/wp\/v2\/users\/1"}],"replies":[{"embeddable":true,"href":"https:\/\/istherehop.ch\/it\/wp-json\/wp\/v2\/comments?post=62"}],"version-history":[{"count":3,"href":"https:\/\/istherehop.ch\/it\/wp-json\/wp\/v2\/pages\/62\/revisions"}],"predecessor-version":[{"id":1026,"href":"https:\/\/istherehop.ch\/it\/wp-json\/wp\/v2\/pages\/62\/revisions\/1026"}],"wp:attachment":[{"href":"https:\/\/istherehop.ch\/it\/wp-json\/wp\/v2\/media?parent=62"}],"curies":[{"name":"wp","href":"https:\/\/api.w.org\/{rel}","templated":true}]}}