{"id":387,"date":"2024-10-31T18:33:55","date_gmt":"2024-10-31T16:33:55","guid":{"rendered":"http:\/\/istherehop.local\/?page_id=387"},"modified":"2024-12-13T17:18:23","modified_gmt":"2024-12-13T15:18:23","slug":"agb","status":"publish","type":"page","link":"https:\/\/istherehop.ch\/it\/agb\/","title":{"rendered":"GTC"},"content":{"rendered":"<hr class=\"wp-block-separator has-alpha-channel-opacity custom-hr\"\/>\n\n\n\n<p><strong>Prenotazioni e cancellazioni<\/strong><br>La prenotazione per il workshop IsThereHop? \u00e8 vincolante. In caso di cancellazione della prenotazione almeno due settimane prima dell'inizio del workshop (termine ultimo: 4.4.25, ore 00:00), verr\u00e0 addebitato il 100% del costo del workshop. Lo stesso vale per le prenotazioni individuali per le feste o per il Party Pass.<\/p>\n\n\n\n<p>Se desiderate rivendere la vostra prenotazione, vi consigliamo di farlo tramite noi per evitare frodi. Contattateci via <a href=\"mailto:help@istherehop.ch\">help@istherehop.ch<\/a>.<\/p>\n\n\n\n<p><strong>Pagamento<\/strong><br>Il pagamento viene sempre effettuato tramite il nostro strumento di prenotazione <a href=\"https:\/\/office.istherehop.ch\" target=\"_blank\" rel=\"noreferrer noopener\">C'\u00e8 l'ufficio hop<\/a>. In caso di problemi di prenotazione e in casi eccezionali, la nostra amministrazione pu\u00f2 effettuare una prenotazione manuale della persona partecipante. Contattateci via <a href=\"mailto:help@istherehop.ch\">help@istherehop.ch<\/a> il. Non appena l'importo dovuto per il workshop o la festa sar\u00e0 accreditato sul nostro conto, vi prenoteremo manualmente. Si prega di notare che in questo caso il posto non \u00e8 garantito finch\u00e9 non abbiamo ricevuto il pagamento.<\/p>\n\n\n\n<p><strong>Malattia e infortunio<\/strong><br>I costi del workshop saranno rimborsati in caso di malattia o infortunio dietro presentazione o invio di un certificato medico a <a href=\"mailto:help@istherehop.ch\">help@istherehop.ch<\/a> o, se sostenuta durante il workshop, parzialmente rimborsata.<\/p>\n\n\n\n<p><strong>Assenze<\/strong><br>Le assenze sono a carico dei partecipanti e non influiscono sui costi del workshop. Vi ringraziamo per averci informato delle vostre assenze volontarie. Cercheremo di organizzare di conseguenza la sostituzione dei leader o dei follower.<\/p>\n\n\n\n<p><strong>Sconti<\/strong><br>Gli studenti hanno diritto a uno sconto su workshop e feste con una tessera studentesca valida (=Legi). Una carta d'identit\u00e0 valida per gli studenti \u00e8 una carta di legittimazione di un'universit\u00e0 o di una scuola universitaria riconosciuta in Svizzera (ad es. Universit\u00e0 delle Arti di Zurigo, Universit\u00e0 di Zurigo, Politecnico di Zurigo, Universit\u00e0 di Scienze Applicate di Zurigo, ecc.<\/p>\n\n\n\n<p>Verifichiamo il tuo Legi aggiungendolo al tuo profilo nella sezione <a href=\"https:\/\/office.istherehop.ch\" target=\"_blank\" rel=\"noreferrer noopener\">C'\u00e8 l'ufficio hop<\/a> e attendere la nostra conferma (di solito qualche ora).<\/p>\n\n\n\n<p>In alternativa o in combinazione, \u00e8 possibile presentare domanda anche come aiutante e ricevere cos\u00ec una riduzione di 50%.<\/p>\n\n\n\n<p><strong>Esclusione da un workshop o da una festa<\/strong><br>Ci riserviamo il diritto di escludere immediatamente l'utente dal workshop o da una festa in caso di violazione delle norme di <a href=\"\/it\/festival\/#regeln\" target=\"_blank\" rel=\"noreferrer noopener\">Codice di condotta<\/a> disturbate il workshop o una festa in qualsiasi altro modo o vi rendete perseguibili. In questo caso il rimborso \u00e8 escluso.<\/p>\n\n\n\n<p><strong>Foro competente e legge applicabile<\/strong><br>Il foro competente \u00e8 Zurigo. Si applica esclusivamente il diritto svizzero.<\/p>\n\n\n\n<p><strong>Stato: 12 dicembre 2024<\/strong><\/p>","protected":false},"excerpt":{"rendered":"<p>Buchungen &amp; AbmeldungenDie Buchung zum Workshop von IsThereHop? ist verbindlich. Bei einer Abmeldung vom Workshop ab zwei Wochen vor Beginn des Workshops (Stichzeitpunkt: 4.4.25, 00:00 Uhr) verrechnen wir 100% der Workshopkosten. Gleiches gilt f\u00fcr Einzelbuchungen von Partys oder dem Party Pass. Falls du Deine Buchung weiterverkaufen m\u00f6chtest, raten wir Dir, den Weiterverkauf \u00fcber uns abzuwickeln, [&hellip;]<\/p>\n","protected":false},"author":1,"featured_media":0,"parent":0,"menu_order":0,"comment_status":"closed","ping_status":"closed","template":"","meta":{"footnotes":""},"class_list":["post-387","page","type-page","status-publish","hentry"],"_links":{"self":[{"href":"https:\/\/istherehop.ch\/it\/wp-json\/wp\/v2\/pages\/387","targetHints":{"allow":["GET"]}}],"collection":[{"href":"https:\/\/istherehop.ch\/it\/wp-json\/wp\/v2\/pages"}],"about":[{"href":"https:\/\/istherehop.ch\/it\/wp-json\/wp\/v2\/types\/page"}],"author":[{"embeddable":true,"href":"https:\/\/istherehop.ch\/it\/wp-json\/wp\/v2\/users\/1"}],"replies":[{"embeddable":true,"href":"https:\/\/istherehop.ch\/it\/wp-json\/wp\/v2\/comments?post=387"}],"version-history":[{"count":9,"href":"https:\/\/istherehop.ch\/it\/wp-json\/wp\/v2\/pages\/387\/revisions"}],"predecessor-version":[{"id":1334,"href":"https:\/\/istherehop.ch\/it\/wp-json\/wp\/v2\/pages\/387\/revisions\/1334"}],"wp:attachment":[{"href":"https:\/\/istherehop.ch\/it\/wp-json\/wp\/v2\/media?parent=387"}],"curies":[{"name":"wp","href":"https:\/\/api.w.org\/{rel}","templated":true}]}}