{"id":3,"date":"2024-10-19T13:29:42","date_gmt":"2024-10-19T13:29:42","guid":{"rendered":"http:\/\/istherehop.local\/?page_id=3"},"modified":"2024-12-12T13:53:34","modified_gmt":"2024-12-12T11:53:34","slug":"datenschutzerklaerung","status":"publish","type":"page","link":"https:\/\/istherehop.ch\/it\/datenschutzerklaerung\/","title":{"rendered":"Informativa sulla privacy"},"content":{"rendered":"<hr class=\"wp-block-separator has-alpha-channel-opacity custom-hr\"\/>\n\n\n\n<p>Attribuiamo grande importanza alla gestione trasparente dei dati personali. La presente informativa sulla privacy fornisce informazioni su quali dati personali raccogliamo, per quale scopo e a chi li trasmettiamo. Per garantire un elevato livello di trasparenza, la presente informativa sulla privacy viene regolarmente rivista e aggiornata.<\/p>\n\n\n\n<h2 class=\"wp-block-heading\">1. quali servizi utilizziamo<\/h2>\n\n\n\n<ul class=\"wp-block-list\">\n<li>Google Analytics<\/li>\n\n\n\n<li>WordPress<\/li>\n<\/ul>\n\n\n\n<h2 class=\"wp-block-heading\">2. informazioni di contatto<\/h2>\n\n\n\n<p>Se avete domande o dubbi sulla protezione dei vostri dati da parte nostra, potete contattarci in qualsiasi momento via e-mail. Responsabile del trattamento dei dati che avviene tramite questo sito web \u00e8<\/p>\n\n\n\n<p>IsThereHop?<br>c\/o Swing Productions<br>R\u00f6schibachstrasse 22<br>8037 Zurigo<br>Svizzera<\/p>\n\n\n\n<h2 class=\"wp-block-heading\">3. principi generali<\/h2>\n\n\n\n<h3 class=\"wp-block-heading\">3.1 Quali dati raccogliamo dall'utente e da chi li riceviamo<\/h3>\n\n\n\n<p>In primo luogo, trattiamo i dati personali che ci trasmettete o che raccogliamo durante la gestione del nostro sito web. Possiamo anche ricevere dati personali su di voi da terzi. Queste possono includere le seguenti categorie:<\/p>\n\n\n\n<ul class=\"wp-block-list\">\n<li>Dati anagrafici (nome, indirizzo, data di nascita, ecc.);<\/li>\n\n\n\n<li>Dati di contatto (numero di cellulare, indirizzo e-mail, ecc.);<\/li>\n\n\n\n<li>Dati finanziari (ad es. dettagli del conto);<\/li>\n\n\n\n<li>Identificatori online (ad esempio, identificatori di cookie, indirizzi IP);<\/li>\n\n\n\n<li>Dati sulla posizione e sul traffico;<\/li>\n\n\n\n<li>Registrazioni di suoni e immagini;<\/li>\n<\/ul>\n\n\n\n<h3 class=\"wp-block-heading\">3.2 A quali condizioni trattiamo i vostri dati?<\/h3>\n\n\n\n<p>Trattiamo i vostri dati in modo confidenziale e in conformit\u00e0 agli scopi indicati nella presente informativa sulla privacy. Prestiamo attenzione a un trattamento trasparente e proporzionato.<br><br>Se, in casi eccezionali, non siamo in grado di rispettare questi principi, il trattamento dei dati pu\u00f2 comunque essere lecito in quanto giustificato. In particolare, si possono applicare i seguenti motivi di giustificazione:<\/p>\n\n\n\n<ul class=\"wp-block-list\">\n<li>Il vostro consenso;<\/li>\n\n\n\n<li>l'esecuzione di un contratto o di misure precontrattuali;<\/li>\n\n\n\n<li>i nostri legittimi interessi, a condizione che non prevalgano i vostri interessi.<\/li>\n<\/ul>\n\n\n\n<h3 class=\"wp-block-heading\">3.3 Come si pu\u00f2 revocare il consenso?<\/h3>\n\n\n\n<p>Se ci avete dato il vostro consenso al trattamento dei vostri dati personali per scopi specifici, tratteremo i vostri dati nell'ambito di tale consenso, a meno che non abbiamo un'altra giustificazione.<br><br>\u00c8 possibile revocare il proprio consenso in qualsiasi momento inviando un'e-mail all'indirizzo indicato nella nota legale. L'elaborazione dei dati gi\u00e0 avvenuta non \u00e8 influenzata da questo.<\/p>\n\n\n\n<h3 class=\"wp-block-heading\">3.4 In quali casi possiamo trasmettere i vostri dati a terzi?<\/h3>\n\n\n\n<h4 class=\"wp-block-heading\">a. Principio<\/h4>\n\n\n\n<p>Potremmo aver bisogno di utilizzare i servizi di terzi o di societ\u00e0 affiliate e incaricarli di trattare i vostri dati (i cosiddetti responsabili del trattamento). Le categorie di destinatari sono le seguenti:<\/p>\n\n\n\n<ul class=\"wp-block-list\">\n<li>Societ\u00e0 di contabilit\u00e0, amministrazione fiduciaria e revisione contabile;<\/li>\n\n\n\n<li>Societ\u00e0 di consulenza (consulenza legale, fiscale, ecc.);<\/li>\n\n\n\n<li>Fornitore di servizi IT (web hosting, assistenza, servizi cloud, progettazione di siti web, ecc;)<\/li>\n\n\n\n<li>Fornitore di servizi di pagamento;<\/li>\n\n\n\n<li>Fornitore di servizi di tracciamento, conversione e pubblicit\u00e0.<\/li>\n<\/ul>\n\n\n\n<p>Ci assicuriamo che queste terze parti e le nostre societ\u00e0 affiliate rispettino i requisiti di protezione dei dati e trattino i vostri dati personali in modo confidenziale.<br><br>Potremmo anche essere obbligati a divulgare i vostri dati personali alle autorit\u00e0.<\/p>\n\n\n\n<h4 class=\"wp-block-heading\">b. Visitando i nostri canali di social media<\/h4>\n\n\n\n<p>\u00c8 possibile che sul nostro sito web siano stati inseriti dei link ai nostri canali di social media. Ci\u00f2 \u00e8 visibile all'utente in ogni caso (in genere tramite icone corrispondenti). Se cliccate sulle icone, sarete reindirizzati ai nostri canali di social media.<br><br>In questo caso, i fornitori di social media verranno a conoscenza del fatto che l'utente \u00e8 entrato nella loro piattaforma dal nostro sito web. I fornitori di social media possono utilizzare i dati cos\u00ec raccolti per i loro scopi. Desideriamo sottolineare che non siamo a conoscenza del contenuto dei dati trasmessi n\u00e9 del loro utilizzo da parte dei provider.<\/p>\n\n\n\n<h4 class=\"wp-block-heading\">c. Trasferimento all'estero<\/h4>\n\n\n\n<p>In determinate circostanze, i vostri dati personali possono essere trasferiti a societ\u00e0 estere nell'ambito dell'elaborazione degli ordini. Queste societ\u00e0 sono tenute a proteggere i dati nella stessa misura in cui lo siamo noi. Il trasferimento pu\u00f2 avvenire in tutto il mondo.<br><br>Se il livello di protezione dei dati non corrisponde a quello svizzero, effettuiamo una valutazione preventiva del rischio e assicuriamo contrattualmente che sia garantito lo stesso livello di protezione della Svizzera (ad es. tramite le nuove clausole contrattuali standard della Commissione UE o altre misure prescritte dalla legge). Se la nostra valutazione del rischio \u00e8 negativa, adotteremo misure tecniche aggiuntive per proteggere i vostri dati. \u00c8 possibile accedere alle clausole contrattuali standard della Commissione Europea al seguente link: https:\/\/commission.europa.eu\/publications\/standard-contractual-clauses-controllers-and-processors-eueea_de<\/p>\n\n\n\n<h3 class=\"wp-block-heading\">3.5 Per quanto tempo conserviamo i vostri dati?<\/h3>\n\n\n\n<p>Conserviamo i dati personali solo per il tempo necessario a soddisfare gli scopi individuali per cui sono stati raccolti.<br><br>I dati che memorizziamo quando visitate il nostro sito web sono conservati per dodici mesi. Fanno eccezione i dati di analisi e tracciamento, che possono essere conservati pi\u00f9 a lungo.<br><br>Conserviamo i dati contrattuali per un periodo pi\u00f9 lungo, in quanto siamo obbligati a farlo per legge. In particolare, dobbiamo conservare le comunicazioni commerciali, i contratti conclusi e i documenti contabili per un massimo di 10 anni. Se non abbiamo pi\u00f9 bisogno di tali dati da parte vostra per fornire i servizi, i dati saranno bloccati e li utilizzeremo solo per scopi contabili e fiscali.<\/p>\n\n\n\n<h3 class=\"wp-block-heading\">3.6 Come proteggiamo i vostri dati?<\/h3>\n\n\n\n<p>I vostri dati saranno tenuti al sicuro e adotteremo tutte le misure ragionevoli per proteggerli da perdita, accesso, uso improprio o alterazione.<br><br>I nostri partner contrattuali e i dipendenti che hanno accesso ai vostri dati sono tenuti a rispettare le norme sulla protezione dei dati. In alcuni casi sar\u00e0 necessario trasmettere le vostre richieste a societ\u00e0 a noi collegate. Anche in questi casi i vostri dati saranno trattati in modo confidenziale.<br><br>All'interno del nostro sito web, utilizziamo il metodo SSL (Secure Socket Layer) insieme al pi\u00f9 alto livello di crittografia supportato dal vostro browser.<\/p>\n\n\n\n<h3 class=\"wp-block-heading\">3.7 Quali diritti avete?<\/h3>\n\n\n\n<h4 class=\"wp-block-heading\">a. Diritto all'informazione<\/h4>\n\n\n\n<p>Potete richiedere in qualsiasi momento informazioni sui dati che abbiamo memorizzato su di voi. Si prega di inviare la richiesta di informazioni insieme a un documento di identit\u00e0 a info@citroenrestaurationen.ch.<br><br>Avete anche il diritto di ricevere i vostri dati in un formato di file comunemente utilizzato se i vostri dati vengono elaborati automaticamente e se:<\/p>\n\n\n\n<ul class=\"wp-block-list\">\n<li>avete dato il vostro consenso al trattamento di questi dati; oppure<\/li>\n\n\n\n<li>avete comunicato i dati in relazione alla conclusione o all'adempimento di un contratto.<\/li>\n<\/ul>\n\n\n\n<p>Possiamo limitare o rifiutare di fornire informazioni o dati se ci\u00f2 \u00e8 in conflitto con i nostri obblighi legali, i nostri interessi legittimi, gli interessi pubblici o gli interessi di terzi.<br><br>L'elaborazione della domanda \u00e8 soggetta al periodo di elaborazione previsto dalla legge di 30 giorni. Tuttavia, possiamo prolungare questo periodo a causa di un elevato volume di richieste, per motivi legali o tecnici o perch\u00e9 abbiamo bisogno di informazioni pi\u00f9 dettagliate da parte vostra. La proroga vi sar\u00e0 comunicata in tempo utile, almeno in forma testuale.<\/p>\n\n\n\n<h4 class=\"wp-block-heading\">b. Cancellazione e rettifica<\/h4>\n\n\n\n<p>Avete la possibilit\u00e0 di richiedere la cancellazione o la correzione dei vostri dati in qualsiasi momento. Possiamo respingere la richiesta se le disposizioni di legge ci obbligano a conservare i dati per un periodo pi\u00f9 lungo o a conservarli inalterati o se la vostra richiesta \u00e8 in conflitto con un'autorizzazione legale.<br><br>Si prega di notare che l'esercizio dei vostri diritti pu\u00f2 essere in conflitto con gli accordi contrattuali e pu\u00f2 avere effetti corrispondenti sull'esecuzione del contratto (ad esempio, la cancellazione anticipata del contratto o conseguenze sui costi).<\/p>\n\n\n\n<h4 class=\"wp-block-heading\">c. Processo legale<\/h4>\n\n\n\n<p>Se siete interessati dal trattamento dei dati personali, avete il diritto di far valere i vostri diritti in tribunale o di presentare un reclamo all'autorit\u00e0 di controllo competente. L'autorit\u00e0 di controllo competente in Svizzera \u00e8 l'Incaricato federale della protezione dei dati e delle informazioni: https:\/\/www.edoeb.admin.ch.<\/p>\n\n\n\n<h3 class=\"wp-block-heading\">3.8 Modifiche all'informativa sulla privacy<\/h3>\n\n\n\n<p>La presente informativa sulla privacy pu\u00f2 essere modificata in qualsiasi momento. Le modifiche saranno pubblicate sul sito citroenrestaurationen.ch e l'utente non sar\u00e0 informato separatamente.<\/p>\n\n\n\n<h2 class=\"wp-block-heading\">4. singole operazioni di trattamento dei dati<\/h2>\n\n\n\n<h3 class=\"wp-block-heading\">4.1 Fornitura del sito web e creazione di file di log<\/h3>\n\n\n\n<h4 class=\"wp-block-heading\">Quali informazioni riceviamo e come le utilizziamo?<\/h4>\n\n\n\n<p>Quando visitate il sito citroenrestaurationen.ch, alcuni dati vengono memorizzati automaticamente sui nostri server o sui server di servizi e prodotti da noi acquistati e\/o installati ai fini dell'amministrazione del sistema, per scopi statistici o di backup o per scopi di tracciamento. Si tratta di:<\/p>\n\n\n\n<ul class=\"wp-block-list\">\n<li>il nome del vostro provider di servizi Internet;<\/li>\n\n\n\n<li>Il vostro indirizzo IP (in determinate circostanze);<\/li>\n\n\n\n<li>la versione del software del browser;<\/li>\n\n\n\n<li>il sistema operativo del computer utilizzato per accedere all'URL;<\/li>\n\n\n\n<li>la data e l'ora di accesso;<\/li>\n\n\n\n<li>il sito web dal quale si sta visitando l'URL;<\/li>\n\n\n\n<li>i termini di ricerca utilizzati per trovare l'URL.<\/li>\n<\/ul>\n\n\n\n<h4 class=\"wp-block-heading\">Perch\u00e9 siamo autorizzati a trattare questi dati?<\/h4>\n\n\n\n<p>Questi dati non possono essere assegnati a una persona specifica e non vengono uniti ad altre fonti di dati. I file di log vengono memorizzati per garantire la funzionalit\u00e0 del sito web e per assicurare la sicurezza dei nostri sistemi informatici. Si tratta di un nostro interesse legittimo.<\/p>\n\n\n\n<h4 class=\"wp-block-heading\">Come si pu\u00f2 impedire la raccolta dei dati?<\/h4>\n\n\n\n<p>I dati vengono conservati solo per il tempo necessario a raggiungere lo scopo per cui sono stati raccolti. Di conseguenza, i dati vengono cancellati al termine di ogni sessione. La memorizzazione dei file di log \u00e8 assolutamente necessaria per il funzionamento del sito web; l'utente non ha quindi alcuna possibilit\u00e0 di opporsi.<\/p>\n\n\n\n<h3 class=\"wp-block-heading\">4.2 Google Analytics<\/h3>\n\n\n\n<p>Sul nostro sito web utilizziamo Google Analytics, un servizio di analisi web fornito da Google LLC (1600 Amphitheatre Parkway, Mountain View, CA 94043, USA; \"Google\"). Google Analytics utilizza dei \"cookies\", file di testo che vengono depositati sul vostro computer per consentire al sito web di analizzare come gli utenti utilizzano il sito.<br><br>Le informazioni generate dal cookie sull'utilizzo di questo sito web da parte dell'utente vengono solitamente trasmesse a un server di Google negli Stati Uniti e l\u00ec memorizzate. Tuttavia, se su questo sito web \u00e8 attivata l'anonimizzazione dell'IP, il vostro indirizzo IP viene prima troncato da Google all'interno degli Stati membri dell'Unione Europea o in altri Stati aderenti all'Accordo sullo Spazio Economico Europeo. Solo in casi eccezionali l'indirizzo IP completo verr\u00e0 trasmesso a un server di Google negli Stati Uniti e l\u00ec troncato.<br><br>Per conto del gestore di questo sito web, Google utilizzer\u00e0 queste informazioni per analizzare l'utilizzo del sito web da parte degli utenti, per compilare report sulle attivit\u00e0 del sito web e per fornire altri servizi relativi alle attivit\u00e0 del sito web e all'utilizzo di Internet al gestore del sito web.<br><br>L'indirizzo IP trasmesso dal vostro browser nell'ambito di Google Analytics non viene unito ad altri dati di Google.<br><br>Potete rifiutarvi di usare i cookie selezionando l'impostazione appropriata sul vostro browser; tuttavia, tenete presente che in tal caso potreste non essere in grado di utilizzare tutte le funzionalit\u00e0 di questo sito web. Potete anche impedire a Google di raccogliere i dati generati dal cookie e relativi al vostro utilizzo del sito web (compreso il vostro indirizzo IP) e di elaborarli da parte di Google scaricando e installando il plug-in del browser disponibile al seguente link: https:\/\/tools.google.com\/dlpage\/gaoptout.<\/p>\n\n\n\n<h3 class=\"wp-block-heading\">4.3 WordPress<\/h3>\n\n\n\n<p>Il nostro sito web \u00e8 basato sulla piattaforma WordPress, un sistema di gestione dei contenuti sviluppato da Automattic Inc, 60 29th Street #343, San Francisco, CA 94110, USA. WordPress ci consente di creare, gestire e pubblicare contenuti.<br><br>Quando utilizzate il nostro sito web, basato su WordPress, \u00e8 possibile che vengano raccolti e memorizzati diversi dati, tra cui il vostro indirizzo IP, la data e l'ora di accesso e le informazioni sul browser utilizzato. Questi dati vengono utilizzati principalmente per scopi amministrativi e per garantire il buon funzionamento del sito web.<br><br>Alcune funzioni di WordPress, come i moduli per i commenti o per i contatti, possono raccogliere ulteriori dati personali quando l'utente le utilizza.<\/p>","protected":false},"excerpt":{"rendered":"<p>Wir legen grossen Wert darauf, dass der Umgang mit Personendaten transparent ist. Diese Datenschutzerkl\u00e4rung gibt Auskunft dar\u00fcber, welche personenbezogenen Daten wir sammeln, zu welchem Zweck und an wen wir sie weitergeben. Um eine hohe Transparenz zu gew\u00e4hrleisten, wird diese Datenschutzerkl\u00e4rung regelm\u00e4ssig \u00fcberpr\u00fcft und aktualisiert. 1. Welche Dienste wir nutzen 2. Kontaktinformationen Bei Fragen oder Anliegen [&hellip;]<\/p>\n","protected":false},"author":1,"featured_media":0,"parent":0,"menu_order":0,"comment_status":"closed","ping_status":"closed","template":"","meta":{"footnotes":""},"class_list":["post-3","page","type-page","status-publish","hentry"],"_links":{"self":[{"href":"https:\/\/istherehop.ch\/it\/wp-json\/wp\/v2\/pages\/3","targetHints":{"allow":["GET"]}}],"collection":[{"href":"https:\/\/istherehop.ch\/it\/wp-json\/wp\/v2\/pages"}],"about":[{"href":"https:\/\/istherehop.ch\/it\/wp-json\/wp\/v2\/types\/page"}],"author":[{"embeddable":true,"href":"https:\/\/istherehop.ch\/it\/wp-json\/wp\/v2\/users\/1"}],"replies":[{"embeddable":true,"href":"https:\/\/istherehop.ch\/it\/wp-json\/wp\/v2\/comments?post=3"}],"version-history":[{"count":3,"href":"https:\/\/istherehop.ch\/it\/wp-json\/wp\/v2\/pages\/3\/revisions"}],"predecessor-version":[{"id":1021,"href":"https:\/\/istherehop.ch\/it\/wp-json\/wp\/v2\/pages\/3\/revisions\/1021"}],"wp:attachment":[{"href":"https:\/\/istherehop.ch\/it\/wp-json\/wp\/v2\/media?parent=3"}],"curies":[{"name":"wp","href":"https:\/\/api.w.org\/{rel}","templated":true}]}}