{"id":62,"date":"2024-10-24T13:08:20","date_gmt":"2024-10-24T13:08:20","guid":{"rendered":"http:\/\/istherehop.local\/?page_id=62"},"modified":"2024-12-05T17:03:52","modified_gmt":"2024-12-05T15:03:52","slug":"impressum","status":"publish","type":"page","link":"https:\/\/istherehop.ch\/fr\/impressum\/","title":{"rendered":"Mentions l\u00e9gales"},"content":{"rendered":"<hr class=\"wp-block-separator has-alpha-channel-opacity custom-hr\"\/>\n\n\n\n<p><strong>Instance responsable :<\/strong><br>IsThereHop ?<br>c\/o Swing Productions<br>R\u00f6schibachstrasse 22<br>8037 Zurich<br>Suisse<\/p>\n\n\n\n<p><br><strong>Courrier \u00e9lectronique<\/strong>: <a href=\"mailto:help@istherehop.ch\">help@istherehop.ch<\/a><\/p>\n\n\n\n<p><strong>Personnes autoris\u00e9es \u00e0 repr\u00e9senter l'association<\/strong><\/p>\n\n\n\n<p>Lorenz Ilg<\/p>\n\n\n\n<p><strong>Clause de non-responsabilit\u00e9<\/strong><br>L'auteur ne garantit pas l'exactitude, la pr\u00e9cision, l'actualit\u00e9, la fiabilit\u00e9 et l'exhaustivit\u00e9 des informations.<br>L'auteur ne saurait \u00eatre tenu pour responsable des dommages mat\u00e9riels ou immat\u00e9riels qui pourraient \u00eatre caus\u00e9s par l'acc\u00e8s aux informations diffus\u00e9es ou par leur utilisation ou non-utilisation, par le mauvais usage de la connexion ou par des probl\u00e8mes techniques.<\/p>\n\n\n\n<p>Toutes les offres sont sans engagement. L'auteur se r\u00e9serve express\u00e9ment le droit de modifier, de compl\u00e9ter ou de supprimer des parties de pages ou l'ensemble de l'offre sans avis pr\u00e9alable, ou d'en suspendre temporairement ou d\u00e9finitivement la publication.<\/p>\n\n\n\n<p><strong>Exclusion de responsabilit\u00e9 pour les contenus et les liens<\/strong><br>Les renvois et liens vers des sites web de tiers ne rel\u00e8vent pas de notre responsabilit\u00e9. Nous d\u00e9clinons toute responsabilit\u00e9 pour de tels sites web. L'acc\u00e8s \u00e0 de tels sites et leur utilisation se font aux risques et p\u00e9rils de l'utilisateur.<\/p>\n\n\n\n<p><strong>D\u00e9claration de droits d'auteur<\/strong><br>Les droits d'auteur et tous les autres droits li\u00e9s aux contenus, images, photos ou autres fichiers pr\u00e9sents sur ce site web sont la propri\u00e9t\u00e9 exclusive d'IsThereHop ou des titulaires de droits sp\u00e9cifiquement cit\u00e9s. Pour la reproduction de tout \u00e9l\u00e9ment, l'autorisation \u00e9crite du d\u00e9tenteur des droits d'auteur doit \u00eatre obtenue au pr\u00e9alable.<\/p>\n\n\n\n<p><strong>Code &amp; Design<\/strong><\/p>\n\n\n\n<p><a href=\"http:\/\/utill.ch\" target=\"_blank\" rel=\"noreferrer noopener\">utill.ch<\/a><\/p>","protected":false},"excerpt":{"rendered":"<p>Verantwortliche Instanz:IsThereHop?c\/o Swing ProductionsR\u00f6schibachstrasse 228037 Z\u00fcrichSchweiz E-Mail: help@istherehop.ch Vertretungsberechtigte Personen Lorenz Ilg HaftungsausschlussDer Autor \u00fcbernimmt keine Gew\u00e4hr f\u00fcr die Richtigkeit, Genauigkeit, Aktualit\u00e4t, Zuverl\u00e4ssigkeit und Vollst\u00e4ndigkeit der Informationen.Haftungsanspr\u00fcche gegen den Autor wegen Sch\u00e4den materieller oder immaterieller Art, die aus dem Zugriff oder der Nutzung bzw. Nichtnutzung der ver\u00f6ffentlichten Informationen, durch Missbrauch der Verbindung oder durch technische [&hellip;]<\/p>\n","protected":false},"author":1,"featured_media":0,"parent":0,"menu_order":0,"comment_status":"closed","ping_status":"closed","template":"","meta":{"footnotes":""},"class_list":["post-62","page","type-page","status-publish","hentry"],"_links":{"self":[{"href":"https:\/\/istherehop.ch\/fr\/wp-json\/wp\/v2\/pages\/62","targetHints":{"allow":["GET"]}}],"collection":[{"href":"https:\/\/istherehop.ch\/fr\/wp-json\/wp\/v2\/pages"}],"about":[{"href":"https:\/\/istherehop.ch\/fr\/wp-json\/wp\/v2\/types\/page"}],"author":[{"embeddable":true,"href":"https:\/\/istherehop.ch\/fr\/wp-json\/wp\/v2\/users\/1"}],"replies":[{"embeddable":true,"href":"https:\/\/istherehop.ch\/fr\/wp-json\/wp\/v2\/comments?post=62"}],"version-history":[{"count":3,"href":"https:\/\/istherehop.ch\/fr\/wp-json\/wp\/v2\/pages\/62\/revisions"}],"predecessor-version":[{"id":1026,"href":"https:\/\/istherehop.ch\/fr\/wp-json\/wp\/v2\/pages\/62\/revisions\/1026"}],"wp:attachment":[{"href":"https:\/\/istherehop.ch\/fr\/wp-json\/wp\/v2\/media?parent=62"}],"curies":[{"name":"wp","href":"https:\/\/api.w.org\/{rel}","templated":true}]}}