{"id":387,"date":"2024-10-31T18:33:55","date_gmt":"2024-10-31T16:33:55","guid":{"rendered":"http:\/\/istherehop.local\/?page_id=387"},"modified":"2024-12-13T17:18:23","modified_gmt":"2024-12-13T15:18:23","slug":"agb","status":"publish","type":"page","link":"https:\/\/istherehop.ch\/fr\/agb\/","title":{"rendered":"CONDITIONS G\u00c9N\u00c9RALES DE VENTE"},"content":{"rendered":"<hr class=\"wp-block-separator has-alpha-channel-opacity custom-hr\"\/>\n\n\n\n<p><strong>R\u00e9servations &amp; annulations<\/strong><br>La r\u00e9servation \u00e0 l'atelier IsThereHop ? est ferme et d\u00e9finitive. En cas d'annulation de l'atelier \u00e0 partir de deux semaines avant le d\u00e9but de l'atelier (date limite : 4.4.25, 00:00), nous facturons 100% des frais d'atelier. Il en va de m\u00eame pour les r\u00e9servations individuelles de soir\u00e9es ou du Party Pass.<\/p>\n\n\n\n<p>Si tu souhaites revendre ta r\u00e9servation, nous te conseillons de passer par nous afin d'\u00e9viter toute fraude. Pour cela, contacte-nous via <a href=\"mailto:help@istherehop.ch\">help@istherehop.ch<\/a>.<\/p>\n\n\n\n<p><strong>Paiement<\/strong><br>Le paiement s'effectue en principe via notre outil de r\u00e9servation <a href=\"https:\/\/office.istherehop.ch\" target=\"_blank\" rel=\"noreferrer noopener\">IsThereHopOFFICE<\/a>. En cas de probl\u00e8mes de r\u00e9servation et \u00e0 titre exceptionnel, une r\u00e9servation manuelle de la personne participante peut \u00eatre effectu\u00e9e par notre administration. Pour cela, contactez-nous via <a href=\"mailto:help@istherehop.ch\">help@istherehop.ch<\/a> sur le site. D\u00e8s que le montant d\u00fb pour l'atelier ou la f\u00eate est arriv\u00e9 sur notre compte, nous t'inscrivons manuellement. Veuillez noter que dans ce cas, vous n'avez aucune garantie de place jusqu'au moment de la r\u00e9ception de votre paiement.<\/p>\n\n\n\n<p><strong>Maladie et accident<\/strong><br>En cas de maladie ou d'accident, les frais d'atelier sont rembours\u00e9s sur pr\u00e9sentation ou envoi d'un certificat m\u00e9dical \u00e0 <a href=\"mailto:help@istherehop.ch\">help@istherehop.ch<\/a> rembours\u00e9s int\u00e9gralement ou partiellement si l'\u00e9v\u00e9nement s'est produit pendant l'atelier.<\/p>\n\n\n\n<p><strong>Absences<\/strong><br>Les absences sont l'affaire des participants et n'ont aucune influence sur les co\u00fbts de l'atelier. Nous te remercions de nous informer de tes absences volontaires. Nous nous efforcerons d'organiser des leaders ou des suiveurs de remplacement.<\/p>\n\n\n\n<p><strong>R\u00e9ductions<\/strong><br>Les \u00e9tudiants b\u00e9n\u00e9ficient d'une r\u00e9duction sur les ateliers et les soir\u00e9es sur pr\u00e9sentation d'une carte d'\u00e9tudiant valable (= l\u00e9gitimation). Par l\u00e9gitimation valable, nous entendons la carte de l\u00e9gitimation d'une universit\u00e9 ou d'une haute \u00e9cole sp\u00e9cialis\u00e9e reconnue en Suisse (p. ex. Z\u00fcrcher Hochschule der K\u00fcnste, Universit\u00e4t Z\u00fcrich, ETH Z\u00fcrich, Z\u00fcrcher Hochschule f\u00fcr Angewandte Wissenschaften, etc.), ainsi que les cartes d'\u00e9tudiant internationales.<\/p>\n\n\n\n<p>Fais v\u00e9rifier ta l\u00e9gitimit\u00e9 par nos soins en l'ajoutant \u00e0 ton profil dans le <a href=\"https:\/\/office.istherehop.ch\" target=\"_blank\" rel=\"noreferrer noopener\">IsThereHopOFFICE<\/a> et attendre notre confirmation (en g\u00e9n\u00e9ral quelques heures).<\/p>\n\n\n\n<p>Alternativement ou en combinaison, tu peux aussi postuler comme aide* et obtenir ainsi une r\u00e9duction de 50%.<\/p>\n\n\n\n<p><strong>Exclusion de l'atelier ou de la f\u00eate<\/strong><br>Nous nous r\u00e9servons le droit de t'exclure imm\u00e9diatement de l'atelier ou d'une f\u00eate si tu ne respectes pas le <a href=\"\/fr\/festival\/#regeln\" target=\"_blank\" rel=\"noreferrer noopener\">Code de conduite<\/a> tu perturbes l'atelier ou la f\u00eate d'une autre mani\u00e8re ou tu te rends passible de poursuites judiciaires. Dans ce cas, les remboursements sont exclus.<\/p>\n\n\n\n<p><strong>Juridiction &amp; droit applicable<\/strong><br>Le lieu de juridiction est Zurich. Seul le droit suisse est applicable.<\/p>\n\n\n\n<p><strong>Situation au 12 d\u00e9cembre 2024<\/strong><\/p>","protected":false},"excerpt":{"rendered":"<p>Buchungen &amp; AbmeldungenDie Buchung zum Workshop von IsThereHop? ist verbindlich. Bei einer Abmeldung vom Workshop ab zwei Wochen vor Beginn des Workshops (Stichzeitpunkt: 4.4.25, 00:00 Uhr) verrechnen wir 100% der Workshopkosten. Gleiches gilt f\u00fcr Einzelbuchungen von Partys oder dem Party Pass. Falls du Deine Buchung weiterverkaufen m\u00f6chtest, raten wir Dir, den Weiterverkauf \u00fcber uns abzuwickeln, [&hellip;]<\/p>\n","protected":false},"author":1,"featured_media":0,"parent":0,"menu_order":0,"comment_status":"closed","ping_status":"closed","template":"","meta":{"footnotes":""},"class_list":["post-387","page","type-page","status-publish","hentry"],"_links":{"self":[{"href":"https:\/\/istherehop.ch\/fr\/wp-json\/wp\/v2\/pages\/387","targetHints":{"allow":["GET"]}}],"collection":[{"href":"https:\/\/istherehop.ch\/fr\/wp-json\/wp\/v2\/pages"}],"about":[{"href":"https:\/\/istherehop.ch\/fr\/wp-json\/wp\/v2\/types\/page"}],"author":[{"embeddable":true,"href":"https:\/\/istherehop.ch\/fr\/wp-json\/wp\/v2\/users\/1"}],"replies":[{"embeddable":true,"href":"https:\/\/istherehop.ch\/fr\/wp-json\/wp\/v2\/comments?post=387"}],"version-history":[{"count":9,"href":"https:\/\/istherehop.ch\/fr\/wp-json\/wp\/v2\/pages\/387\/revisions"}],"predecessor-version":[{"id":1334,"href":"https:\/\/istherehop.ch\/fr\/wp-json\/wp\/v2\/pages\/387\/revisions\/1334"}],"wp:attachment":[{"href":"https:\/\/istherehop.ch\/fr\/wp-json\/wp\/v2\/media?parent=387"}],"curies":[{"name":"wp","href":"https:\/\/api.w.org\/{rel}","templated":true}]}}