{"id":62,"date":"2024-10-24T13:08:20","date_gmt":"2024-10-24T13:08:20","guid":{"rendered":"http:\/\/istherehop.local\/?page_id=62"},"modified":"2024-12-05T17:03:52","modified_gmt":"2024-12-05T15:03:52","slug":"impressum","status":"publish","type":"page","link":"https:\/\/istherehop.ch\/en\/impressum\/","title":{"rendered":"Imprint"},"content":{"rendered":"<hr class=\"wp-block-separator has-alpha-channel-opacity custom-hr\"\/>\n\n\n\n<p><strong>Responsible authority:<\/strong><br>IsThereHop?<br>c\/o Swing Productions<br>R\u00f6schibachstrasse 22<br>8037 Zurich<br>Switzerland<\/p>\n\n\n\n<p><br><strong>e-mail<\/strong>: <a href=\"mailto:help@istherehop.ch\">help@istherehop.ch<\/a><\/p>\n\n\n\n<p><strong>Persons authorised to represent the company<\/strong><\/p>\n\n\n\n<p>Lorenz Ilg<\/p>\n\n\n\n<p><strong>Disclaimer<\/strong><br>The author accepts no liability for the correctness, accuracy, up-to-dateness, reliability and completeness of the information.<br>Liability claims against the author for damages of a material or immaterial nature arising from access to or use or non-use of the published information, through misuse of the connection or through technical faults are excluded.<\/p>\n\n\n\n<p>All offers are subject to change. The author expressly reserves the right to change, supplement or delete parts of the pages or the entire offer without prior notice or to cease publication temporarily or permanently.<\/p>\n\n\n\n<p><strong>Disclaimer for content and links<\/strong><br>References and links to third-party websites are outside our area of responsibility. Any responsibility for such websites is rejected. Access to and use of such websites is at the user's own risk.<\/p>\n\n\n\n<p><strong>Copyright declaration<\/strong><br>The copyright and all other rights to content, images, photos or other files on this website belong exclusively to IsThereHop or the specifically named rights holders. The written consent of the copyright holder must be obtained in advance for the reproduction of any elements.<\/p>\n\n\n\n<p><strong>Code &amp; Design<\/strong><\/p>\n\n\n\n<p><a href=\"http:\/\/utill.ch\" target=\"_blank\" rel=\"noreferrer noopener\">utill.ch<\/a><\/p>","protected":false},"excerpt":{"rendered":"<p>Verantwortliche Instanz:IsThereHop?c\/o Swing ProductionsR\u00f6schibachstrasse 228037 Z\u00fcrichSchweiz E-Mail: help@istherehop.ch Vertretungsberechtigte Personen Lorenz Ilg HaftungsausschlussDer Autor \u00fcbernimmt keine Gew\u00e4hr f\u00fcr die Richtigkeit, Genauigkeit, Aktualit\u00e4t, Zuverl\u00e4ssigkeit und Vollst\u00e4ndigkeit der Informationen.Haftungsanspr\u00fcche gegen den Autor wegen Sch\u00e4den materieller oder immaterieller Art, die aus dem Zugriff oder der Nutzung bzw. Nichtnutzung der ver\u00f6ffentlichten Informationen, durch Missbrauch der Verbindung oder durch technische [&hellip;]<\/p>\n","protected":false},"author":1,"featured_media":0,"parent":0,"menu_order":0,"comment_status":"closed","ping_status":"closed","template":"","meta":{"footnotes":""},"class_list":["post-62","page","type-page","status-publish","hentry"],"_links":{"self":[{"href":"https:\/\/istherehop.ch\/en\/wp-json\/wp\/v2\/pages\/62","targetHints":{"allow":["GET"]}}],"collection":[{"href":"https:\/\/istherehop.ch\/en\/wp-json\/wp\/v2\/pages"}],"about":[{"href":"https:\/\/istherehop.ch\/en\/wp-json\/wp\/v2\/types\/page"}],"author":[{"embeddable":true,"href":"https:\/\/istherehop.ch\/en\/wp-json\/wp\/v2\/users\/1"}],"replies":[{"embeddable":true,"href":"https:\/\/istherehop.ch\/en\/wp-json\/wp\/v2\/comments?post=62"}],"version-history":[{"count":3,"href":"https:\/\/istherehop.ch\/en\/wp-json\/wp\/v2\/pages\/62\/revisions"}],"predecessor-version":[{"id":1026,"href":"https:\/\/istherehop.ch\/en\/wp-json\/wp\/v2\/pages\/62\/revisions\/1026"}],"wp:attachment":[{"href":"https:\/\/istherehop.ch\/en\/wp-json\/wp\/v2\/media?parent=62"}],"curies":[{"name":"wp","href":"https:\/\/api.w.org\/{rel}","templated":true}]}}