{"id":387,"date":"2024-10-31T18:33:55","date_gmt":"2024-10-31T16:33:55","guid":{"rendered":"http:\/\/istherehop.local\/?page_id=387"},"modified":"2024-12-13T17:18:23","modified_gmt":"2024-12-13T15:18:23","slug":"agb","status":"publish","type":"page","link":"https:\/\/istherehop.ch\/en\/agb\/","title":{"rendered":"GTC"},"content":{"rendered":"<hr class=\"wp-block-separator has-alpha-channel-opacity custom-hr\"\/>\n\n\n\n<p><strong>Bookings &amp; cancellations<\/strong><br>The booking for the IsThereHop? workshop is binding. If you cancel your booking two weeks or more before the start of the workshop (deadline: 4.4.25, 00:00), we will charge 100% of the workshop costs. The same applies to individual bookings for parties or the Party Pass.<\/p>\n\n\n\n<p>If you wish to resell your booking, we advise you to process the resale through us to prevent fraud. Please contact us via <a href=\"mailto:help@istherehop.ch\">help@istherehop.ch<\/a>.<\/p>\n\n\n\n<p><strong>Payment<\/strong><br>Payment is always processed via our booking tool <a href=\"https:\/\/office.istherehop.ch\" target=\"_blank\" rel=\"noreferrer noopener\">IsThereHopOFFICE<\/a>. In the event of booking problems and in exceptional cases, a manual booking of the participating person can be made by our administration. Please contact us via <a href=\"mailto:help@istherehop.ch\">help@istherehop.ch<\/a> on. As soon as the amount owed for the workshop or party has been credited to our account, we will book you in manually. Please note that in this case you have no guarantee of a place until we have received your payment.<\/p>\n\n\n\n<p><strong>Illness &amp; accident<\/strong><br>The workshop costs will be reimbursed in the event of illness or accident upon presentation or submission of a medical certificate to <a href=\"mailto:help@istherehop.ch\">help@istherehop.ch<\/a> or, if incurred during the workshop, partially refunded.<\/p>\n\n\n\n<p><strong>Absences<\/strong><br>Absences are the responsibility of the participants and have no influence on the workshop costs. We thank you for informing us of your voluntary absences. We will try to organise replacement leaders or followers accordingly.<\/p>\n\n\n\n<p><strong>Discounts<\/strong><br>Students have a discount on workshops and parties with a valid student card (=Legi). A valid student ID card is a legitimation card from a university or university of applied sciences recognised in Switzerland (e.g. Zurich University of the Arts, University of Zurich, ETH Zurich, Zurich University of Applied Sciences, etc.), as well as international student ID cards.<\/p>\n\n\n\n<p>Let us verify your Legi by adding it to your profile in the <a href=\"https:\/\/office.istherehop.ch\" target=\"_blank\" rel=\"noreferrer noopener\">IsThereHopOFFICE<\/a> and wait for our confirmation (usually a few hours).<\/p>\n\n\n\n<p>Alternatively or in combination, you can also apply as a helper and thus receive a reduction of 50%.<\/p>\n\n\n\n<p><strong>Exclusion from workshop or party<\/strong><br>We reserve the right to immediately exclude you from the workshop or a party if you violate the <a href=\"\/en\/festival\/#regeln\" target=\"_blank\" rel=\"noreferrer noopener\">Code of conduct<\/a> you disrupt the workshop or a party in any other way or you make yourself liable to prosecution. Refunds are excluded in this case.<\/p>\n\n\n\n<p><strong>Place of jurisdiction &amp; applicable law<\/strong><br>The place of jurisdiction is Zurich. Swiss law shall apply exclusively.<\/p>\n\n\n\n<p><strong>Status: 12 December 2024<\/strong><\/p>","protected":false},"excerpt":{"rendered":"<p>Buchungen &amp; AbmeldungenDie Buchung zum Workshop von IsThereHop? ist verbindlich. Bei einer Abmeldung vom Workshop ab zwei Wochen vor Beginn des Workshops (Stichzeitpunkt: 4.4.25, 00:00 Uhr) verrechnen wir 100% der Workshopkosten. Gleiches gilt f\u00fcr Einzelbuchungen von Partys oder dem Party Pass. Falls du Deine Buchung weiterverkaufen m\u00f6chtest, raten wir Dir, den Weiterverkauf \u00fcber uns abzuwickeln, [&hellip;]<\/p>\n","protected":false},"author":1,"featured_media":0,"parent":0,"menu_order":0,"comment_status":"closed","ping_status":"closed","template":"","meta":{"footnotes":""},"class_list":["post-387","page","type-page","status-publish","hentry"],"_links":{"self":[{"href":"https:\/\/istherehop.ch\/en\/wp-json\/wp\/v2\/pages\/387","targetHints":{"allow":["GET"]}}],"collection":[{"href":"https:\/\/istherehop.ch\/en\/wp-json\/wp\/v2\/pages"}],"about":[{"href":"https:\/\/istherehop.ch\/en\/wp-json\/wp\/v2\/types\/page"}],"author":[{"embeddable":true,"href":"https:\/\/istherehop.ch\/en\/wp-json\/wp\/v2\/users\/1"}],"replies":[{"embeddable":true,"href":"https:\/\/istherehop.ch\/en\/wp-json\/wp\/v2\/comments?post=387"}],"version-history":[{"count":9,"href":"https:\/\/istherehop.ch\/en\/wp-json\/wp\/v2\/pages\/387\/revisions"}],"predecessor-version":[{"id":1334,"href":"https:\/\/istherehop.ch\/en\/wp-json\/wp\/v2\/pages\/387\/revisions\/1334"}],"wp:attachment":[{"href":"https:\/\/istherehop.ch\/en\/wp-json\/wp\/v2\/media?parent=387"}],"curies":[{"name":"wp","href":"https:\/\/api.w.org\/{rel}","templated":true}]}}